{"id":1874,"date":"2025-12-29T14:09:36","date_gmt":"2025-12-29T14:09:36","guid":{"rendered":"https:\/\/medlinecapitalquote.ca\/products\/unite-integree-sous-vide-rotatool-deluxe\/"},"modified":"2026-01-09T11:35:25","modified_gmt":"2026-01-09T11:35:25","slug":"unite-integree-sous-vide-rotatool-deluxe","status":"publish","type":"product","link":"https:\/\/medlinecapitalquote.ca\/fr\/products\/unite-integree-sous-vide-rotatool-deluxe\/","title":{"rendered":"Unit\u00e9 int\u00e9gr\u00e9e sous vide Rotatool Deluxe"},"content":{"rendered":"<ul>\n<li>\u00c9quip\u00e9e d&rsquo;un moteur d&rsquo;aspiration sans balais<\/li>\n<li>Dot\u00e9e d\u2019un syst\u00e8me de serrage<\/li>\n<li>Le bouton est fabriqu\u00e9 en \u00e9lastom\u00e8re thermoplastique pour assurer le confort<\/li>\n<li>Vitesses de 6 000 \u00e0 40 000 tr\/min<\/li>\n<li>Silencieuse et plus l\u00e9g\u00e8re<\/li>\n<li>Entretien et nettoyage faciles<\/li>\n<li>Lumi\u00e8re LED int\u00e9gr\u00e9e dans la pi\u00e8ce \u00e0 main<\/li>\n<li>Param\u00e8tres de m\u00e9moire<\/li>\n<li>Commande par bouton intelligent sur la pi\u00e8ce \u00e0 main<\/li>\n<\/ul>\n","protected":false},"excerpt":{"rendered":"<p>\u00c9quip\u00e9e d&rsquo;un moteur d&rsquo;aspiration sans balais Dot\u00e9e d\u2019un syst\u00e8me de  [&#8230;]<\/p>\n","protected":false},"author":3,"featured_media":2161,"template":"","product-categories":[463],"product-rooms":[74],"product-variations":[],"clients":[],"class_list":["post-1874","product","type-product","status-publish","has-post-thumbnail","hentry","product_cat-rotary-units-fr","product_room-exam-room-fr"],"acf":[],"_links":{"self":[{"href":"https:\/\/medlinecapitalquote.ca\/fr\/wp-json\/wp\/v2\/products\/1874","targetHints":{"allow":["GET"]}}],"collection":[{"href":"https:\/\/medlinecapitalquote.ca\/fr\/wp-json\/wp\/v2\/products"}],"about":[{"href":"https:\/\/medlinecapitalquote.ca\/fr\/wp-json\/wp\/v2\/types\/product"}],"author":[{"embeddable":true,"href":"https:\/\/medlinecapitalquote.ca\/fr\/wp-json\/wp\/v2\/users\/3"}],"wp:featuredmedia":[{"embeddable":true,"href":"https:\/\/medlinecapitalquote.ca\/fr\/wp-json\/wp\/v2\/media\/2161"}],"wp:attachment":[{"href":"https:\/\/medlinecapitalquote.ca\/fr\/wp-json\/wp\/v2\/media?parent=1874"}],"wp:term":[{"taxonomy":"product_cat","embeddable":true,"href":"https:\/\/medlinecapitalquote.ca\/fr\/wp-json\/wp\/v2\/product-categories?post=1874"},{"taxonomy":"product_room","embeddable":true,"href":"https:\/\/medlinecapitalquote.ca\/fr\/wp-json\/wp\/v2\/product-rooms?post=1874"},{"taxonomy":"product_variation","embeddable":true,"href":"https:\/\/medlinecapitalquote.ca\/fr\/wp-json\/wp\/v2\/product-variations?post=1874"},{"taxonomy":"client","embeddable":true,"href":"https:\/\/medlinecapitalquote.ca\/fr\/wp-json\/wp\/v2\/clients?post=1874"}],"curies":[{"name":"wp","href":"https:\/\/api.w.org\/{rel}","templated":true}]}}