{"id":1879,"date":"2025-12-29T14:12:00","date_gmt":"2025-12-29T14:12:00","guid":{"rendered":"https:\/\/medlinecapitalquote.ca\/products\/unite-integree-sous-vide-rotatool-essential-2\/"},"modified":"2026-01-02T10:39:09","modified_gmt":"2026-01-02T10:39:09","slug":"unite-integree-sous-vide-rotatool-essential-2","status":"publish","type":"product","link":"https:\/\/medlinecapitalquote.ca\/fr\/products\/unite-integree-sous-vide-rotatool-essential-2\/","title":{"rendered":"Unit\u00e9 int\u00e9gr\u00e9e sous vide Rotatool Essential 2"},"content":{"rendered":"<ul>\n<li>Vitesse du moteur sans balais : 6 000 \u00e0 40 000 tr\/min<\/li>\n<li>Tr\u00e8s silencieux<\/li>\n<li>Deux touches de m\u00e9moire pour enregistrer facilement les r\u00e9glages de vitesse et d&rsquo;aspiration<\/li>\n<li>Syst\u00e8me de serrage avec bouton en \u00e9lastom\u00e8re thermoplastique souple et confortable<\/li>\n<li>Collecte les poussi\u00e8res en suspension dans l&rsquo;air et les stocke dans un sac micro-filtre<\/li>\n<\/ul>\n","protected":false},"excerpt":{"rendered":"<p>Vitesse du moteur sans balais : 6 000 \u00e0 40  [&#8230;]<\/p>\n","protected":false},"author":3,"featured_media":945,"template":"","product-categories":[463],"product-rooms":[74],"product-variations":[],"clients":[],"class_list":["post-1879","product","type-product","status-publish","has-post-thumbnail","hentry","product_cat-rotary-units-fr","product_room-exam-room-fr"],"acf":[],"_links":{"self":[{"href":"https:\/\/medlinecapitalquote.ca\/fr\/wp-json\/wp\/v2\/products\/1879","targetHints":{"allow":["GET"]}}],"collection":[{"href":"https:\/\/medlinecapitalquote.ca\/fr\/wp-json\/wp\/v2\/products"}],"about":[{"href":"https:\/\/medlinecapitalquote.ca\/fr\/wp-json\/wp\/v2\/types\/product"}],"author":[{"embeddable":true,"href":"https:\/\/medlinecapitalquote.ca\/fr\/wp-json\/wp\/v2\/users\/3"}],"wp:featuredmedia":[{"embeddable":true,"href":"https:\/\/medlinecapitalquote.ca\/fr\/wp-json\/wp\/v2\/media\/945"}],"wp:attachment":[{"href":"https:\/\/medlinecapitalquote.ca\/fr\/wp-json\/wp\/v2\/media?parent=1879"}],"wp:term":[{"taxonomy":"product_cat","embeddable":true,"href":"https:\/\/medlinecapitalquote.ca\/fr\/wp-json\/wp\/v2\/product-categories?post=1879"},{"taxonomy":"product_room","embeddable":true,"href":"https:\/\/medlinecapitalquote.ca\/fr\/wp-json\/wp\/v2\/product-rooms?post=1879"},{"taxonomy":"product_variation","embeddable":true,"href":"https:\/\/medlinecapitalquote.ca\/fr\/wp-json\/wp\/v2\/product-variations?post=1879"},{"taxonomy":"client","embeddable":true,"href":"https:\/\/medlinecapitalquote.ca\/fr\/wp-json\/wp\/v2\/clients?post=1879"}],"curies":[{"name":"wp","href":"https:\/\/api.w.org\/{rel}","templated":true}]}}