{"id":1880,"date":"2025-12-29T12:15:50","date_gmt":"2025-12-29T12:15:50","guid":{"rendered":"https:\/\/medlinecapitalquote.ca\/products\/systeme-et-logiciel-holter-edan-se-2003\/"},"modified":"2026-01-02T10:42:50","modified_gmt":"2026-01-02T10:42:50","slug":"systeme-et-logiciel-holter-edan-se-2003","status":"publish","type":"product","link":"https:\/\/medlinecapitalquote.ca\/fr\/products\/systeme-et-logiciel-holter-edan-se-2003\/","title":{"rendered":"Syst\u00e8me et logiciel Holter Edan\u00ae SE-2003"},"content":{"rendered":"<ul>\n<li>R\u00e9sistant \u00e0 la poussi\u00e8re et l&rsquo;eau<\/li>\n<li>Enregistrement num\u00e9rique sur 3 canaux<\/li>\n<li>\u00c9cran OLED avec affichage de la forme d&rsquo;onde en temps r\u00e9el<\/li>\n<li>L\u00e9ger et compact<\/li>\n<li>La batterie procure jusqu&rsquo;\u00e0 8 jours d&rsquo;enregistrement<\/li>\n<li>D\u00e9tecte les stimulateurs cardiaques<\/li>\n<li>Taux d&rsquo;\u00e9chantillonnage r\u00e9glable<\/li>\n<li>Logiciel Holter<\/li>\n<\/ul>\n","protected":false},"excerpt":{"rendered":"<p>R\u00e9sistant \u00e0 la poussi\u00e8re et l&rsquo;eau Enregistrement num\u00e9rique sur 3  [&#8230;]<\/p>\n","protected":false},"author":3,"featured_media":828,"template":"","product-categories":[445],"product-rooms":[74],"product-variations":[],"clients":[],"class_list":["post-1880","product","type-product","status-publish","has-post-thumbnail","hentry","product_cat-ecg-spirometers-and-electrodes-fr","product_room-exam-room-fr"],"acf":[],"_links":{"self":[{"href":"https:\/\/medlinecapitalquote.ca\/fr\/wp-json\/wp\/v2\/products\/1880","targetHints":{"allow":["GET"]}}],"collection":[{"href":"https:\/\/medlinecapitalquote.ca\/fr\/wp-json\/wp\/v2\/products"}],"about":[{"href":"https:\/\/medlinecapitalquote.ca\/fr\/wp-json\/wp\/v2\/types\/product"}],"author":[{"embeddable":true,"href":"https:\/\/medlinecapitalquote.ca\/fr\/wp-json\/wp\/v2\/users\/3"}],"wp:featuredmedia":[{"embeddable":true,"href":"https:\/\/medlinecapitalquote.ca\/fr\/wp-json\/wp\/v2\/media\/828"}],"wp:attachment":[{"href":"https:\/\/medlinecapitalquote.ca\/fr\/wp-json\/wp\/v2\/media?parent=1880"}],"wp:term":[{"taxonomy":"product_cat","embeddable":true,"href":"https:\/\/medlinecapitalquote.ca\/fr\/wp-json\/wp\/v2\/product-categories?post=1880"},{"taxonomy":"product_room","embeddable":true,"href":"https:\/\/medlinecapitalquote.ca\/fr\/wp-json\/wp\/v2\/product-rooms?post=1880"},{"taxonomy":"product_variation","embeddable":true,"href":"https:\/\/medlinecapitalquote.ca\/fr\/wp-json\/wp\/v2\/product-variations?post=1880"},{"taxonomy":"client","embeddable":true,"href":"https:\/\/medlinecapitalquote.ca\/fr\/wp-json\/wp\/v2\/clients?post=1880"}],"curies":[{"name":"wp","href":"https:\/\/api.w.org\/{rel}","templated":true}]}}