{"id":1883,"date":"2025-12-29T14:16:44","date_gmt":"2025-12-29T14:16:44","guid":{"rendered":"https:\/\/medlinecapitalquote.ca\/products\/unite-integree-sous-vide-rotatool-deluxe-2\/"},"modified":"2026-01-02T10:43:53","modified_gmt":"2026-01-02T10:43:53","slug":"unite-integree-sous-vide-rotatool-deluxe-2","status":"publish","type":"product","link":"https:\/\/medlinecapitalquote.ca\/fr\/products\/unite-integree-sous-vide-rotatool-deluxe-2\/","title":{"rendered":"Unit\u00e9 int\u00e9gr\u00e9e sous vide Rotatool Deluxe 2"},"content":{"rendered":"<ul>\n<li>Vitesse du moteur sans balais : 6 000 \u00e0 40 000 tr\/min<\/li>\n<li>Tr\u00e8s silencieux<\/li>\n<li>Deux touches de m\u00e9moire pour enregistrer facilement les r\u00e9glages de vitesse et d&rsquo;aspiration<\/li>\n<li>La pi\u00e8ce \u00e0 main \u00e9l\u00e9gante peut \u00eatre tenue comme un crayon<\/li>\n<li>Source lumineuse puissante pour une utilisation ais\u00e9e en cas de faible \u00e9clairage<\/li>\n<li>Bouton de d\u00e9marrage\/pause pour faciliter l&rsquo;utilisation et r\u00e9duire les d\u00e9marrages accidentels \u00e0 grande vitesse<\/li>\n<\/ul>\n","protected":false},"excerpt":{"rendered":"<p>Vitesse du moteur sans balais : 6 000 \u00e0 40  [&#8230;]<\/p>\n","protected":false},"author":3,"featured_media":953,"template":"","product-categories":[463],"product-rooms":[74],"product-variations":[],"clients":[],"class_list":["post-1883","product","type-product","status-publish","has-post-thumbnail","hentry","product_cat-rotary-units-fr","product_room-exam-room-fr"],"acf":[],"_links":{"self":[{"href":"https:\/\/medlinecapitalquote.ca\/fr\/wp-json\/wp\/v2\/products\/1883","targetHints":{"allow":["GET"]}}],"collection":[{"href":"https:\/\/medlinecapitalquote.ca\/fr\/wp-json\/wp\/v2\/products"}],"about":[{"href":"https:\/\/medlinecapitalquote.ca\/fr\/wp-json\/wp\/v2\/types\/product"}],"author":[{"embeddable":true,"href":"https:\/\/medlinecapitalquote.ca\/fr\/wp-json\/wp\/v2\/users\/3"}],"wp:featuredmedia":[{"embeddable":true,"href":"https:\/\/medlinecapitalquote.ca\/fr\/wp-json\/wp\/v2\/media\/953"}],"wp:attachment":[{"href":"https:\/\/medlinecapitalquote.ca\/fr\/wp-json\/wp\/v2\/media?parent=1883"}],"wp:term":[{"taxonomy":"product_cat","embeddable":true,"href":"https:\/\/medlinecapitalquote.ca\/fr\/wp-json\/wp\/v2\/product-categories?post=1883"},{"taxonomy":"product_room","embeddable":true,"href":"https:\/\/medlinecapitalquote.ca\/fr\/wp-json\/wp\/v2\/product-rooms?post=1883"},{"taxonomy":"product_variation","embeddable":true,"href":"https:\/\/medlinecapitalquote.ca\/fr\/wp-json\/wp\/v2\/product-variations?post=1883"},{"taxonomy":"client","embeddable":true,"href":"https:\/\/medlinecapitalquote.ca\/fr\/wp-json\/wp\/v2\/clients?post=1883"}],"curies":[{"name":"wp","href":"https:\/\/api.w.org\/{rel}","templated":true}]}}