{"id":1886,"date":"2025-12-29T09:13:54","date_gmt":"2025-12-29T09:13:54","guid":{"rendered":"https:\/\/medlinecapitalquote.ca\/products\/perche-intraveineuse-pliable-a-5-pieds-en-aluminium-medline-2-crochets\/"},"modified":"2026-01-02T10:46:41","modified_gmt":"2026-01-02T10:46:41","slug":"perche-intraveineuse-pliable-a-5-pieds-en-aluminium-medline-2-crochets","status":"publish","type":"product","link":"https:\/\/medlinecapitalquote.ca\/fr\/products\/perche-intraveineuse-pliable-a-5-pieds-en-aluminium-medline-2-crochets\/","title":{"rendered":"Perche intraveineuse pliable \u00e0 5 pieds en aluminium Medline, 2 crochets"},"content":{"rendered":"<ul>\n<li>Peut accueillir 2\u00a0pompes pesant jusqu\u2019\u00e0 6\u00a0kg (14\u00a0lb) chacune et deux sacs de liquide de 3\u00a0L<\/li>\n<li>Base en plastique \u00e0 5\u00a0roulettes tr\u00e8s stable<\/li>\n<li>Les crochets de type corne de b\u00e9lier maintiennent les r\u00e9cipients de solution et les autres articles en toute s\u00e9curit\u00e9<\/li>\n<li>Mod\u00e8le \u00e0 bouton-poussoir facile \u00e0 ajuster, sans outil<\/li>\n<\/ul>\n","protected":false},"excerpt":{"rendered":"<p>Peut accueillir 2\u00a0pompes pesant jusqu\u2019\u00e0 6\u00a0kg (14\u00a0lb) chacune et deux  [&#8230;]<\/p>\n","protected":false},"author":4,"featured_media":936,"template":"","product-categories":[451],"product-rooms":[198],"product-variations":[],"clients":[],"class_list":["post-1886","product","type-product","status-publish","has-post-thumbnail","hentry","product_cat-i-v-poles-fr","product_room-surgery-centre-operating-room-fr"],"acf":[],"_links":{"self":[{"href":"https:\/\/medlinecapitalquote.ca\/fr\/wp-json\/wp\/v2\/products\/1886","targetHints":{"allow":["GET"]}}],"collection":[{"href":"https:\/\/medlinecapitalquote.ca\/fr\/wp-json\/wp\/v2\/products"}],"about":[{"href":"https:\/\/medlinecapitalquote.ca\/fr\/wp-json\/wp\/v2\/types\/product"}],"author":[{"embeddable":true,"href":"https:\/\/medlinecapitalquote.ca\/fr\/wp-json\/wp\/v2\/users\/4"}],"wp:featuredmedia":[{"embeddable":true,"href":"https:\/\/medlinecapitalquote.ca\/fr\/wp-json\/wp\/v2\/media\/936"}],"wp:attachment":[{"href":"https:\/\/medlinecapitalquote.ca\/fr\/wp-json\/wp\/v2\/media?parent=1886"}],"wp:term":[{"taxonomy":"product_cat","embeddable":true,"href":"https:\/\/medlinecapitalquote.ca\/fr\/wp-json\/wp\/v2\/product-categories?post=1886"},{"taxonomy":"product_room","embeddable":true,"href":"https:\/\/medlinecapitalquote.ca\/fr\/wp-json\/wp\/v2\/product-rooms?post=1886"},{"taxonomy":"product_variation","embeddable":true,"href":"https:\/\/medlinecapitalquote.ca\/fr\/wp-json\/wp\/v2\/product-variations?post=1886"},{"taxonomy":"client","embeddable":true,"href":"https:\/\/medlinecapitalquote.ca\/fr\/wp-json\/wp\/v2\/clients?post=1886"}],"curies":[{"name":"wp","href":"https:\/\/api.w.org\/{rel}","templated":true}]}}