{"id":1887,"date":"2025-12-29T12:20:58","date_gmt":"2025-12-29T12:20:58","guid":{"rendered":"https:\/\/medlinecapitalquote.ca\/products\/cd-du-logiciel-edan-holter-avec-usb\/"},"modified":"2026-01-02T10:49:45","modified_gmt":"2026-01-02T10:49:45","slug":"cd-du-logiciel-edan-holter-avec-usb","status":"publish","type":"product","link":"https:\/\/medlinecapitalquote.ca\/fr\/products\/cd-du-logiciel-edan-holter-avec-usb\/","title":{"rendered":"CD du logiciel Edan\u00ae Holter avec USB"},"content":{"rendered":"<ul>\n<li>T\u00e9l\u00e9chargement des donn\u00e9es par carte SD ou c\u00e2ble USB<\/li>\n<li>Formes d\u2019ondes \u00e0 divulgation compl\u00e8te<\/li>\n<li>\u00c9dition manuelle et automatique des donn\u00e9es des patients<\/li>\n<li>Affichage des graphiques et des tendances<\/li>\n<li>Classification des mod\u00e8les QRS<\/li>\n<li>Analyse de l&rsquo;arythmie<\/li>\n<li>Analyse du segment ST et \u00e9valuation de l&rsquo;isch\u00e9mie myocardique<\/li>\n<li>Analyse de la fibrillation auriculaire<\/li>\n<li>Analyse du syndrome de l&rsquo;apn\u00e9e obstructive du sommeil<\/li>\n<li>Analyse de la turbulence de la fr\u00e9quence cardiaque<\/li>\n<li>Pour ordinateurs personnels et tablettes dot\u00e9s de Windows<\/li>\n<\/ul>\n","protected":false},"excerpt":{"rendered":"<p>T\u00e9l\u00e9chargement des donn\u00e9es par carte SD ou c\u00e2ble USB Formes  [&#8230;]<\/p>\n","protected":false},"author":3,"featured_media":828,"template":"","product-categories":[445],"product-rooms":[74],"product-variations":[],"clients":[],"class_list":["post-1887","product","type-product","status-publish","has-post-thumbnail","hentry","product_cat-ecg-spirometers-and-electrodes-fr","product_room-exam-room-fr"],"acf":[],"_links":{"self":[{"href":"https:\/\/medlinecapitalquote.ca\/fr\/wp-json\/wp\/v2\/products\/1887","targetHints":{"allow":["GET"]}}],"collection":[{"href":"https:\/\/medlinecapitalquote.ca\/fr\/wp-json\/wp\/v2\/products"}],"about":[{"href":"https:\/\/medlinecapitalquote.ca\/fr\/wp-json\/wp\/v2\/types\/product"}],"author":[{"embeddable":true,"href":"https:\/\/medlinecapitalquote.ca\/fr\/wp-json\/wp\/v2\/users\/3"}],"wp:featuredmedia":[{"embeddable":true,"href":"https:\/\/medlinecapitalquote.ca\/fr\/wp-json\/wp\/v2\/media\/828"}],"wp:attachment":[{"href":"https:\/\/medlinecapitalquote.ca\/fr\/wp-json\/wp\/v2\/media?parent=1887"}],"wp:term":[{"taxonomy":"product_cat","embeddable":true,"href":"https:\/\/medlinecapitalquote.ca\/fr\/wp-json\/wp\/v2\/product-categories?post=1887"},{"taxonomy":"product_room","embeddable":true,"href":"https:\/\/medlinecapitalquote.ca\/fr\/wp-json\/wp\/v2\/product-rooms?post=1887"},{"taxonomy":"product_variation","embeddable":true,"href":"https:\/\/medlinecapitalquote.ca\/fr\/wp-json\/wp\/v2\/product-variations?post=1887"},{"taxonomy":"client","embeddable":true,"href":"https:\/\/medlinecapitalquote.ca\/fr\/wp-json\/wp\/v2\/clients?post=1887"}],"curies":[{"name":"wp","href":"https:\/\/api.w.org\/{rel}","templated":true}]}}