{"id":1890,"date":"2025-12-29T14:18:40","date_gmt":"2025-12-29T14:18:40","guid":{"rendered":"https:\/\/medlinecapitalquote.ca\/products\/unite-rechargeable-avec-piece-a-main-autoclavable-rotatool-k38-auto\/"},"modified":"2026-01-09T11:34:58","modified_gmt":"2026-01-09T11:34:58","slug":"unite-rechargeable-avec-piece-a-main-autoclavable-rotatool-k38-auto","status":"publish","type":"product","link":"https:\/\/medlinecapitalquote.ca\/fr\/products\/unite-rechargeable-avec-piece-a-main-autoclavable-rotatool-k38-auto\/","title":{"rendered":"Unit\u00e9 rechargeable avec pi\u00e8ce \u00e0 main autoclavable Rotatool K38-Auto"},"content":{"rendered":"<ul>\n<li>Moteur de pi\u00e8ce \u00e0 main de 30 000 tr\/min<\/li>\n<li>Autonomie de la batterie lithium-ion : jusqu&rsquo;\u00e0 8 heures<\/li>\n<li>Mode d&rsquo;\u00e9conomie d&rsquo;\u00e9nergie automatique<\/li>\n<li>Affichage num\u00e9rique et contr\u00f4le pr\u00e9cis de la vitesse<\/li>\n<li>Voyant d\u2019avertissement LED de protection contre la surcharge<\/li>\n<li>Ne fonctionne pas sans fraise ins\u00e9r\u00e9e<\/li>\n<li>Accepte la plupart des fraises et mandrins de 3\/32 de diam\u00e8tre<\/li>\n<li>Interrupteurs marche\/arr\u00eat et avant\/arri\u00e8re<\/li>\n<li>La pi\u00e8ce \u00e0 main est silencieuse et peu vibrante<\/li>\n<li>Peut \u00eatre utilis\u00e9e pendant le rechargement<\/li>\n<\/ul>\n","protected":false},"excerpt":{"rendered":"<p>Moteur de pi\u00e8ce \u00e0 main de 30 000 tr\/min Autonomie  [&#8230;]<\/p>\n","protected":false},"author":3,"featured_media":2161,"template":"","product-categories":[463],"product-rooms":[74],"product-variations":[],"clients":[],"class_list":["post-1890","product","type-product","status-publish","has-post-thumbnail","hentry","product_cat-rotary-units-fr","product_room-exam-room-fr"],"acf":[],"_links":{"self":[{"href":"https:\/\/medlinecapitalquote.ca\/fr\/wp-json\/wp\/v2\/products\/1890","targetHints":{"allow":["GET"]}}],"collection":[{"href":"https:\/\/medlinecapitalquote.ca\/fr\/wp-json\/wp\/v2\/products"}],"about":[{"href":"https:\/\/medlinecapitalquote.ca\/fr\/wp-json\/wp\/v2\/types\/product"}],"author":[{"embeddable":true,"href":"https:\/\/medlinecapitalquote.ca\/fr\/wp-json\/wp\/v2\/users\/3"}],"wp:featuredmedia":[{"embeddable":true,"href":"https:\/\/medlinecapitalquote.ca\/fr\/wp-json\/wp\/v2\/media\/2161"}],"wp:attachment":[{"href":"https:\/\/medlinecapitalquote.ca\/fr\/wp-json\/wp\/v2\/media?parent=1890"}],"wp:term":[{"taxonomy":"product_cat","embeddable":true,"href":"https:\/\/medlinecapitalquote.ca\/fr\/wp-json\/wp\/v2\/product-categories?post=1890"},{"taxonomy":"product_room","embeddable":true,"href":"https:\/\/medlinecapitalquote.ca\/fr\/wp-json\/wp\/v2\/product-rooms?post=1890"},{"taxonomy":"product_variation","embeddable":true,"href":"https:\/\/medlinecapitalquote.ca\/fr\/wp-json\/wp\/v2\/product-variations?post=1890"},{"taxonomy":"client","embeddable":true,"href":"https:\/\/medlinecapitalquote.ca\/fr\/wp-json\/wp\/v2\/clients?post=1890"}],"curies":[{"name":"wp","href":"https:\/\/api.w.org\/{rel}","templated":true}]}}