{"id":1891,"date":"2025-12-29T12:26:53","date_gmt":"2025-12-29T12:26:53","guid":{"rendered":"https:\/\/medlinecapitalquote.ca\/products\/table-pour-podiatrie-a-moteur-electrique-et-90-degres-de-chute-plinth-2000-avec-plaque-jambiere-divisee-et-rembourrage-en-mousse-double\/"},"modified":"2026-01-02T10:57:14","modified_gmt":"2026-01-02T10:57:14","slug":"table-pour-podiatrie-a-moteur-electrique-et-90-degres-de-chute-plinth-2000-avec-plaque-jambiere-divisee-et-rembourrage-en-mousse-double","status":"publish","type":"product","link":"https:\/\/medlinecapitalquote.ca\/fr\/products\/table-pour-podiatrie-a-moteur-electrique-et-90-degres-de-chute-plinth-2000-avec-plaque-jambiere-divisee-et-rembourrage-en-mousse-double\/","title":{"rendered":"Table pour podiatrie \u00e0 moteur \u00e9lectrique et 90 degr\u00e9s de chute Plinth 2000 avec plaque jambi\u00e8re divis\u00e9e et rembourrage en mousse double"},"content":{"rendered":"<ul>\n<li>Vinyle r\u00e9sistant antimicrobien<\/li>\n<li>\u00c9lectrique avec inclinaison Trendelenburg<\/li>\n<li>Rembourrage en mousse<\/li>\n<li>Facile \u00e0 utiliser<\/li>\n<li>Faible co\u00fbt de fonctionnement<\/li>\n<li>Roulettes r\u00e9tractables<\/li>\n<li>Pattes s\u00e9par\u00e9es et allong\u00e9es<\/li>\n<li>Accoudoirs amovibles et rabattables<\/li>\n<\/ul>\n","protected":false},"excerpt":{"rendered":"<p>Vinyle r\u00e9sistant antimicrobien \u00c9lectrique avec inclinaison Trendelenburg Rembourrage en mousse  [&#8230;]<\/p>\n","protected":false},"author":3,"featured_media":844,"template":"","product-categories":[447],"product-rooms":[74],"product-variations":[],"clients":[],"class_list":["post-1891","product","type-product","status-publish","has-post-thumbnail","hentry","product_cat-exam-and-procedure-tables-fr","product_room-exam-room-fr"],"acf":[],"_links":{"self":[{"href":"https:\/\/medlinecapitalquote.ca\/fr\/wp-json\/wp\/v2\/products\/1891","targetHints":{"allow":["GET"]}}],"collection":[{"href":"https:\/\/medlinecapitalquote.ca\/fr\/wp-json\/wp\/v2\/products"}],"about":[{"href":"https:\/\/medlinecapitalquote.ca\/fr\/wp-json\/wp\/v2\/types\/product"}],"author":[{"embeddable":true,"href":"https:\/\/medlinecapitalquote.ca\/fr\/wp-json\/wp\/v2\/users\/3"}],"wp:featuredmedia":[{"embeddable":true,"href":"https:\/\/medlinecapitalquote.ca\/fr\/wp-json\/wp\/v2\/media\/844"}],"wp:attachment":[{"href":"https:\/\/medlinecapitalquote.ca\/fr\/wp-json\/wp\/v2\/media?parent=1891"}],"wp:term":[{"taxonomy":"product_cat","embeddable":true,"href":"https:\/\/medlinecapitalquote.ca\/fr\/wp-json\/wp\/v2\/product-categories?post=1891"},{"taxonomy":"product_room","embeddable":true,"href":"https:\/\/medlinecapitalquote.ca\/fr\/wp-json\/wp\/v2\/product-rooms?post=1891"},{"taxonomy":"product_variation","embeddable":true,"href":"https:\/\/medlinecapitalquote.ca\/fr\/wp-json\/wp\/v2\/product-variations?post=1891"},{"taxonomy":"client","embeddable":true,"href":"https:\/\/medlinecapitalquote.ca\/fr\/wp-json\/wp\/v2\/clients?post=1891"}],"curies":[{"name":"wp","href":"https:\/\/api.w.org\/{rel}","templated":true}]}}