{"id":1897,"date":"2025-12-29T13:10:07","date_gmt":"2025-12-29T13:10:07","guid":{"rendered":"https:\/\/medlinecapitalquote.ca\/products\/poubelle-sans-contact-ecs-care-avec-pedale\/"},"modified":"2026-01-02T11:09:22","modified_gmt":"2026-01-02T11:09:22","slug":"poubelle-sans-contact-ecs-care-avec-pedale","status":"publish","type":"product","link":"https:\/\/medlinecapitalquote.ca\/fr\/products\/poubelle-sans-contact-ecs-care-avec-pedale\/","title":{"rendered":"Poubelle sans contact ECS Care\u00ae avec p\u00e9dale"},"content":{"rendered":"<ul>\n<li>Volume : 50 L<\/li>\n<li>P\u00e9dale pour une \u00e9limination sans contact<\/li>\n<li>R\u00e9sistant \u00e0 la rouille et aux bosses<\/li>\n<li>Couvercle souple<\/li>\n<li>Id\u00e9al pour \u00e9liminer les EPI et autres d\u00e9chets m\u00e9dicaux<\/li>\n<\/ul>\n","protected":false},"excerpt":{"rendered":"<p>Volume : 50 L P\u00e9dale pour une \u00e9limination sans contact  [&#8230;]<\/p>\n","protected":false},"author":3,"featured_media":872,"template":"","product-categories":[1055],"product-rooms":[198,74],"product-variations":[573,574,92],"clients":[],"class_list":["post-1897","product","type-product","status-publish","has-post-thumbnail","hentry","product_cat-garbage-cans-fr","product_room-surgery-centre-operating-room-fr","product_room-exam-room-fr","product_variation-50-l-avec-etiquette-de-danger-biologique","product_variation-50-l-sans-etiquette","product_variation-configuration-fr"],"acf":[],"_links":{"self":[{"href":"https:\/\/medlinecapitalquote.ca\/fr\/wp-json\/wp\/v2\/products\/1897","targetHints":{"allow":["GET"]}}],"collection":[{"href":"https:\/\/medlinecapitalquote.ca\/fr\/wp-json\/wp\/v2\/products"}],"about":[{"href":"https:\/\/medlinecapitalquote.ca\/fr\/wp-json\/wp\/v2\/types\/product"}],"author":[{"embeddable":true,"href":"https:\/\/medlinecapitalquote.ca\/fr\/wp-json\/wp\/v2\/users\/3"}],"wp:featuredmedia":[{"embeddable":true,"href":"https:\/\/medlinecapitalquote.ca\/fr\/wp-json\/wp\/v2\/media\/872"}],"wp:attachment":[{"href":"https:\/\/medlinecapitalquote.ca\/fr\/wp-json\/wp\/v2\/media?parent=1897"}],"wp:term":[{"taxonomy":"product_cat","embeddable":true,"href":"https:\/\/medlinecapitalquote.ca\/fr\/wp-json\/wp\/v2\/product-categories?post=1897"},{"taxonomy":"product_room","embeddable":true,"href":"https:\/\/medlinecapitalquote.ca\/fr\/wp-json\/wp\/v2\/product-rooms?post=1897"},{"taxonomy":"product_variation","embeddable":true,"href":"https:\/\/medlinecapitalquote.ca\/fr\/wp-json\/wp\/v2\/product-variations?post=1897"},{"taxonomy":"client","embeddable":true,"href":"https:\/\/medlinecapitalquote.ca\/fr\/wp-json\/wp\/v2\/clients?post=1897"}],"curies":[{"name":"wp","href":"https:\/\/api.w.org\/{rel}","templated":true}]}}