{"id":1898,"date":"2025-12-29T09:19:50","date_gmt":"2025-12-29T09:19:50","guid":{"rendered":"https:\/\/medlinecapitalquote.ca\/products\/support-mural-en-plastique-transparent-medline-de-boite-de-gants\/"},"modified":"2026-01-02T11:13:36","modified_gmt":"2026-01-02T11:13:36","slug":"support-mural-en-plastique-transparent-medline-de-boite-de-gants","status":"publish","type":"product","link":"https:\/\/medlinecapitalquote.ca\/fr\/products\/support-mural-en-plastique-transparent-medline-de-boite-de-gants\/","title":{"rendered":"Support mural en plastique transparent Medline de bo\u00eete de gants"},"content":{"rendered":"<ul>\n<li>Adaptation \u00e0 la plupart des tailles de bo\u00eetes \u00e0 gants<\/li>\n<li>Installation horizontale ou verticale<\/li>\n<li>Plastique PETG transparent ppuvant \u00eatre nettoy\u00e9 et permettant de visualiser facilement la taille et le type de gants<\/li>\n<li>Mat\u00e9riel de montage non inclus<\/li>\n<\/ul>\n","protected":false},"excerpt":{"rendered":"<p>Adaptation \u00e0 la plupart des tailles de bo\u00eetes \u00e0 gants  [&#8230;]<\/p>\n","protected":false},"author":4,"featured_media":893,"template":"","product-categories":[432],"product-rooms":[74],"product-variations":[1041,1043,1046,1047,92],"clients":[],"class_list":["post-1898","product","type-product","status-publish","has-post-thumbnail","hentry","product_cat-dispensers-organizers-and-supports-fr","product_room-exam-room-fr","product_variation-1-boite-a-lhorizontal-ou-vertical","product_variation-2-boites-a-lhorizontal-ou-vertical","product_variation-3-boites-a-lhorizontal-ou-vertical","product_variation-4-boites-a-lhorizontal-ou-vertical","product_variation-configuration-fr"],"acf":[],"_links":{"self":[{"href":"https:\/\/medlinecapitalquote.ca\/fr\/wp-json\/wp\/v2\/products\/1898","targetHints":{"allow":["GET"]}}],"collection":[{"href":"https:\/\/medlinecapitalquote.ca\/fr\/wp-json\/wp\/v2\/products"}],"about":[{"href":"https:\/\/medlinecapitalquote.ca\/fr\/wp-json\/wp\/v2\/types\/product"}],"author":[{"embeddable":true,"href":"https:\/\/medlinecapitalquote.ca\/fr\/wp-json\/wp\/v2\/users\/4"}],"wp:featuredmedia":[{"embeddable":true,"href":"https:\/\/medlinecapitalquote.ca\/fr\/wp-json\/wp\/v2\/media\/893"}],"wp:attachment":[{"href":"https:\/\/medlinecapitalquote.ca\/fr\/wp-json\/wp\/v2\/media?parent=1898"}],"wp:term":[{"taxonomy":"product_cat","embeddable":true,"href":"https:\/\/medlinecapitalquote.ca\/fr\/wp-json\/wp\/v2\/product-categories?post=1898"},{"taxonomy":"product_room","embeddable":true,"href":"https:\/\/medlinecapitalquote.ca\/fr\/wp-json\/wp\/v2\/product-rooms?post=1898"},{"taxonomy":"product_variation","embeddable":true,"href":"https:\/\/medlinecapitalquote.ca\/fr\/wp-json\/wp\/v2\/product-variations?post=1898"},{"taxonomy":"client","embeddable":true,"href":"https:\/\/medlinecapitalquote.ca\/fr\/wp-json\/wp\/v2\/clients?post=1898"}],"curies":[{"name":"wp","href":"https:\/\/api.w.org\/{rel}","templated":true}]}}