{"id":1899,"date":"2025-12-29T13:13:44","date_gmt":"2025-12-29T13:13:44","guid":{"rendered":"https:\/\/medlinecapitalquote.ca\/products\/cry-ac-nitrogen-sprayer-cryogenic-system\/"},"modified":"2026-01-30T10:47:04","modified_gmt":"2026-01-30T10:47:04","slug":"cry-ac-nitrogen-sprayer-cryogenic-system","status":"publish","type":"product","link":"https:\/\/medlinecapitalquote.ca\/fr\/products\/cry-ac-nitrogen-sprayer-cryogenic-system\/","title":{"rendered":"Syst\u00e8me cryog\u00e9nique de pulv\u00e9risation d&rsquo;azote Cry-Ac\u00ae"},"content":{"rendered":"<ul>\n<li>D\u00e9clencheur fin, accessible du bout des doigts, pour un contr\u00f4le maximal et une grande facilit\u00e9 de visualisation<\/li>\n<li>Pivote facilement pour les gauchers<\/li>\n<li>La ventilation automatique de s\u00e9curit\u00e9 maximise la s\u00e9curit\u00e9 en permettant \u00e0 la pression interne de s&rsquo;\u00e9vacuer progressivement lorsque le bouchon est d\u00e9viss\u00e9<\/li>\n<li>La soupape de d\u00e9charge simplifi\u00e9e maintient une pression de fonctionnement constante afin d&rsquo;assurer une cong\u00e9lation uniforme et pr\u00e9cise<\/li>\n<\/ul>\n","protected":false},"excerpt":{"rendered":"<p>D\u00e9clencheur fin, accessible du bout des doigts, pour un contr\u00f4le  [&#8230;]<\/p>\n","protected":false},"author":3,"featured_media":877,"template":"","product-categories":[1060],"product-rooms":[74],"product-variations":[1112,1081,92],"clients":[],"class_list":["post-1899","product","type-product","status-publish","has-post-thumbnail","hentry","product_cat-cryotherapy-fr","product_room-exam-room-fr","product_variation-trousse-de-300-ml","product_variation-trousse-de-500-ml","product_variation-configuration-fr"],"acf":[],"_links":{"self":[{"href":"https:\/\/medlinecapitalquote.ca\/fr\/wp-json\/wp\/v2\/products\/1899","targetHints":{"allow":["GET"]}}],"collection":[{"href":"https:\/\/medlinecapitalquote.ca\/fr\/wp-json\/wp\/v2\/products"}],"about":[{"href":"https:\/\/medlinecapitalquote.ca\/fr\/wp-json\/wp\/v2\/types\/product"}],"author":[{"embeddable":true,"href":"https:\/\/medlinecapitalquote.ca\/fr\/wp-json\/wp\/v2\/users\/3"}],"wp:featuredmedia":[{"embeddable":true,"href":"https:\/\/medlinecapitalquote.ca\/fr\/wp-json\/wp\/v2\/media\/877"}],"wp:attachment":[{"href":"https:\/\/medlinecapitalquote.ca\/fr\/wp-json\/wp\/v2\/media?parent=1899"}],"wp:term":[{"taxonomy":"product_cat","embeddable":true,"href":"https:\/\/medlinecapitalquote.ca\/fr\/wp-json\/wp\/v2\/product-categories?post=1899"},{"taxonomy":"product_room","embeddable":true,"href":"https:\/\/medlinecapitalquote.ca\/fr\/wp-json\/wp\/v2\/product-rooms?post=1899"},{"taxonomy":"product_variation","embeddable":true,"href":"https:\/\/medlinecapitalquote.ca\/fr\/wp-json\/wp\/v2\/product-variations?post=1899"},{"taxonomy":"client","embeddable":true,"href":"https:\/\/medlinecapitalquote.ca\/fr\/wp-json\/wp\/v2\/clients?post=1899"}],"curies":[{"name":"wp","href":"https:\/\/api.w.org\/{rel}","templated":true}]}}