{"id":1904,"date":"2025-12-29T09:23:42","date_gmt":"2025-12-29T09:23:42","guid":{"rendered":"https:\/\/medlinecapitalquote.ca\/products\/systeme-de-diagnostic-mural-integre-avec-transformateur-medline\/"},"modified":"2026-01-02T12:15:31","modified_gmt":"2026-01-02T12:15:31","slug":"systeme-de-diagnostic-mural-integre-avec-transformateur-medline","status":"publish","type":"product","link":"https:\/\/medlinecapitalquote.ca\/fr\/products\/systeme-de-diagnostic-mural-integre-avec-transformateur-medline\/","title":{"rendered":"Syst\u00e8me de diagnostic mural int\u00e9gr\u00e9 avec transformateur Medline"},"content":{"rendered":"<ul>\n<li>Transformateur mural et diverses configurations de t\u00eates d\u2019otoscope, de t\u00eates d&rsquo;ophtalmoscope, de poign\u00e9es et d&rsquo;appareils de mesure de la tension art\u00e9rielle<\/li>\n<\/ul>\n","protected":false},"excerpt":{"rendered":"<p>Transformateur mural et diverses configurations de t\u00eates d\u2019otoscope, de t\u00eates  [&#8230;]<\/p>\n","protected":false},"author":4,"featured_media":864,"template":"","product-categories":[73],"product-rooms":[74],"product-variations":[1064,1063,92],"clients":[],"class_list":["post-1904","product","type-product","status-publish","has-post-thumbnail","hentry","product_cat-diagnostic-fr","product_room-exam-room-fr","product_variation-avec-ophtalmoscopes-au-xenon-l3-otoscopes-a-del-l2-distributeur-de-speculums-auriculaires-tensiometre-aneroide","product_variation-avec-ophtalmoscopes-au-xenon-l3-otoscopes-a-del-l2-distributeur-de-speculums-auriculaires-tensiometre-aneroide-thermometre","product_variation-configuration-fr"],"acf":[],"_links":{"self":[{"href":"https:\/\/medlinecapitalquote.ca\/fr\/wp-json\/wp\/v2\/products\/1904","targetHints":{"allow":["GET"]}}],"collection":[{"href":"https:\/\/medlinecapitalquote.ca\/fr\/wp-json\/wp\/v2\/products"}],"about":[{"href":"https:\/\/medlinecapitalquote.ca\/fr\/wp-json\/wp\/v2\/types\/product"}],"author":[{"embeddable":true,"href":"https:\/\/medlinecapitalquote.ca\/fr\/wp-json\/wp\/v2\/users\/4"}],"wp:featuredmedia":[{"embeddable":true,"href":"https:\/\/medlinecapitalquote.ca\/fr\/wp-json\/wp\/v2\/media\/864"}],"wp:attachment":[{"href":"https:\/\/medlinecapitalquote.ca\/fr\/wp-json\/wp\/v2\/media?parent=1904"}],"wp:term":[{"taxonomy":"product_cat","embeddable":true,"href":"https:\/\/medlinecapitalquote.ca\/fr\/wp-json\/wp\/v2\/product-categories?post=1904"},{"taxonomy":"product_room","embeddable":true,"href":"https:\/\/medlinecapitalquote.ca\/fr\/wp-json\/wp\/v2\/product-rooms?post=1904"},{"taxonomy":"product_variation","embeddable":true,"href":"https:\/\/medlinecapitalquote.ca\/fr\/wp-json\/wp\/v2\/product-variations?post=1904"},{"taxonomy":"client","embeddable":true,"href":"https:\/\/medlinecapitalquote.ca\/fr\/wp-json\/wp\/v2\/clients?post=1904"}],"curies":[{"name":"wp","href":"https:\/\/api.w.org\/{rel}","templated":true}]}}