{"id":1905,"date":"2025-12-29T13:18:46","date_gmt":"2025-12-29T13:18:46","guid":{"rendered":"https:\/\/medlinecapitalquote.ca\/products\/poignee-de-laryngoscope-video-mcgrath-mac\/"},"modified":"2026-01-02T12:21:23","modified_gmt":"2026-01-02T12:21:23","slug":"poignee-de-laryngoscope-video-mcgrath-mac","status":"publish","type":"product","link":"https:\/\/medlinecapitalquote.ca\/fr\/products\/poignee-de-laryngoscope-video-mcgrath-mac\/","title":{"rendered":"Poign\u00e9e de laryngoscope vid\u00e9o McGRATH\u2122 MAC"},"content":{"rendered":"<ul>\n<li>\u00c9cran LCD couleur de 2,5 po (6,3 cm)<\/li>\n<li>Cam\u00e9ra CMOS<\/li>\n<li>Bloc-batterie au lithium de 3,6 V qui fournit jusqu&rsquo;\u00e0 250 minutes d&rsquo;autonomie<\/li>\n<li>Fabriqu\u00e9 \u00e0 partir d&rsquo;un composite thermoplastique de qualit\u00e9 m\u00e9dicale avec un noyau en alliage structurel<\/li>\n<li>Combine la vid\u00e9o en ligne de mire de l&rsquo;\u00e9cran portrait et la technique Macintosh pour une visualisation sup\u00e9rieure<\/li>\n<li>Fonctionnalit\u00e9 \u00e0 bouton unique, indication de la batterie minute par minute et arr\u00eat automatique pour maximiser la dur\u00e9e de vie de la batterie<\/li>\n<li>Lumi\u00e8re LED chaude et lumineuse<\/li>\n<li>La balance des blancs s&rsquo;ajuste automatiquement<\/li>\n<li>Meilleure r\u00e9solution<\/li>\n<\/ul>\n","protected":false},"excerpt":{"rendered":"<p>\u00c9cran LCD couleur de 2,5 po (6,3 cm) Cam\u00e9ra CMOS  [&#8230;]<\/p>\n","protected":false},"author":3,"featured_media":879,"template":"","product-categories":[1065],"product-rooms":[198],"product-variations":[],"clients":[],"class_list":["post-1905","product","type-product","status-publish","has-post-thumbnail","hentry","product_cat-laryngoscopes-fr","product_room-surgery-centre-operating-room-fr"],"acf":[],"_links":{"self":[{"href":"https:\/\/medlinecapitalquote.ca\/fr\/wp-json\/wp\/v2\/products\/1905","targetHints":{"allow":["GET"]}}],"collection":[{"href":"https:\/\/medlinecapitalquote.ca\/fr\/wp-json\/wp\/v2\/products"}],"about":[{"href":"https:\/\/medlinecapitalquote.ca\/fr\/wp-json\/wp\/v2\/types\/product"}],"author":[{"embeddable":true,"href":"https:\/\/medlinecapitalquote.ca\/fr\/wp-json\/wp\/v2\/users\/3"}],"wp:featuredmedia":[{"embeddable":true,"href":"https:\/\/medlinecapitalquote.ca\/fr\/wp-json\/wp\/v2\/media\/879"}],"wp:attachment":[{"href":"https:\/\/medlinecapitalquote.ca\/fr\/wp-json\/wp\/v2\/media?parent=1905"}],"wp:term":[{"taxonomy":"product_cat","embeddable":true,"href":"https:\/\/medlinecapitalquote.ca\/fr\/wp-json\/wp\/v2\/product-categories?post=1905"},{"taxonomy":"product_room","embeddable":true,"href":"https:\/\/medlinecapitalquote.ca\/fr\/wp-json\/wp\/v2\/product-rooms?post=1905"},{"taxonomy":"product_variation","embeddable":true,"href":"https:\/\/medlinecapitalquote.ca\/fr\/wp-json\/wp\/v2\/product-variations?post=1905"},{"taxonomy":"client","embeddable":true,"href":"https:\/\/medlinecapitalquote.ca\/fr\/wp-json\/wp\/v2\/clients?post=1905"}],"curies":[{"name":"wp","href":"https:\/\/api.w.org\/{rel}","templated":true}]}}