{"id":1907,"date":"2025-12-29T13:23:02","date_gmt":"2025-12-29T13:23:02","guid":{"rendered":"https:\/\/medlinecapitalquote.ca\/products\/capteur-spo2-reutilisable-nellcor-duras-ensor\/"},"modified":"2026-01-02T12:26:43","modified_gmt":"2026-01-02T12:26:43","slug":"capteur-spo2-reutilisable-nellcor-duras-ensor","status":"publish","type":"product","link":"https:\/\/medlinecapitalquote.ca\/fr\/products\/capteur-spo2-reutilisable-nellcor-duras-ensor\/","title":{"rendered":"Capteur SpO2 r\u00e9utilisable Nellcor\u2122 Duras Ensor\u00ae"},"content":{"rendered":"<ul>\n<li>La technologie OxiMax place la courbe d&rsquo;\u00e9talonnage \u00e0 l&rsquo;int\u00e9rieur du capteur, ce qui permet aux cliniciens d\u2019utiliser les nouvelles conceptions de capteurs sans devoir remplacer leur moniteur<\/li>\n<li>Bande adh\u00e9sive \u00e0 usage unique avec c\u00e2ble r\u00e9utilisable<\/li>\n<li>Id\u00e9al pour le suivi ponctuel ou continu \u00e0 court terme<\/li>\n<li>\u00c0 utiliser avec des enveloppes ou pinces<\/li>\n<\/ul>\n","protected":false},"excerpt":{"rendered":"<p>La technologie OxiMax place la courbe d&rsquo;\u00e9talonnage \u00e0 l&rsquo;int\u00e9rieur du  [&#8230;]<\/p>\n","protected":false},"author":3,"featured_media":885,"template":"","product-categories":[73],"product-rooms":[74],"product-variations":[1067,92],"clients":[],"class_list":["post-1907","product","type-product","status-publish","has-post-thumbnail","hentry","product_cat-diagnostic-fr","product_room-exam-room-fr","product_variation-capteur-pediatrique-et-cable-seulement-configuration-fr","product_variation-configuration-fr"],"acf":[],"_links":{"self":[{"href":"https:\/\/medlinecapitalquote.ca\/fr\/wp-json\/wp\/v2\/products\/1907","targetHints":{"allow":["GET"]}}],"collection":[{"href":"https:\/\/medlinecapitalquote.ca\/fr\/wp-json\/wp\/v2\/products"}],"about":[{"href":"https:\/\/medlinecapitalquote.ca\/fr\/wp-json\/wp\/v2\/types\/product"}],"author":[{"embeddable":true,"href":"https:\/\/medlinecapitalquote.ca\/fr\/wp-json\/wp\/v2\/users\/3"}],"wp:featuredmedia":[{"embeddable":true,"href":"https:\/\/medlinecapitalquote.ca\/fr\/wp-json\/wp\/v2\/media\/885"}],"wp:attachment":[{"href":"https:\/\/medlinecapitalquote.ca\/fr\/wp-json\/wp\/v2\/media?parent=1907"}],"wp:term":[{"taxonomy":"product_cat","embeddable":true,"href":"https:\/\/medlinecapitalquote.ca\/fr\/wp-json\/wp\/v2\/product-categories?post=1907"},{"taxonomy":"product_room","embeddable":true,"href":"https:\/\/medlinecapitalquote.ca\/fr\/wp-json\/wp\/v2\/product-rooms?post=1907"},{"taxonomy":"product_variation","embeddable":true,"href":"https:\/\/medlinecapitalquote.ca\/fr\/wp-json\/wp\/v2\/product-variations?post=1907"},{"taxonomy":"client","embeddable":true,"href":"https:\/\/medlinecapitalquote.ca\/fr\/wp-json\/wp\/v2\/clients?post=1907"}],"curies":[{"name":"wp","href":"https:\/\/api.w.org\/{rel}","templated":true}]}}