{"id":1913,"date":"2026-01-02T12:35:34","date_gmt":"2026-01-02T12:35:34","guid":{"rendered":"https:\/\/medlinecapitalquote.ca\/products\/systeme-de-monitorage-portatif-de-la-spo2-des-patients-nellcor-pm10n\/"},"modified":"2026-01-02T12:38:52","modified_gmt":"2026-01-02T12:38:52","slug":"systeme-de-monitorage-portatif-de-la-spo2-des-patients-nellcor-pm10n","status":"publish","type":"product","link":"https:\/\/medlinecapitalquote.ca\/fr\/products\/systeme-de-monitorage-portatif-de-la-spo2-des-patients-nellcor-pm10n\/","title":{"rendered":"Syst\u00e8me de monitorage portatif de la SpO2 des patients Nellcor\u2122 PM10N"},"content":{"rendered":"<ul>\n<li>Oxym\u00e8tre de pouls portatif<\/li>\n<li>Id\u00e9al pour le suivi ponctuel ou continu dans les \u00e9tablissements de sant\u00e9 et \u00e0 domicile<\/li>\n<\/ul>\n","protected":false},"excerpt":{"rendered":"<p>Oxym\u00e8tre de pouls portatif Id\u00e9al pour le suivi ponctuel ou  [&#8230;]<\/p>\n","protected":false},"author":3,"featured_media":1911,"template":"","product-categories":[73],"product-rooms":[74],"product-variations":[],"clients":[],"class_list":["post-1913","product","type-product","status-publish","has-post-thumbnail","hentry","product_cat-diagnostic-fr","product_room-exam-room-fr"],"acf":[],"_links":{"self":[{"href":"https:\/\/medlinecapitalquote.ca\/fr\/wp-json\/wp\/v2\/products\/1913","targetHints":{"allow":["GET"]}}],"collection":[{"href":"https:\/\/medlinecapitalquote.ca\/fr\/wp-json\/wp\/v2\/products"}],"about":[{"href":"https:\/\/medlinecapitalquote.ca\/fr\/wp-json\/wp\/v2\/types\/product"}],"author":[{"embeddable":true,"href":"https:\/\/medlinecapitalquote.ca\/fr\/wp-json\/wp\/v2\/users\/3"}],"wp:featuredmedia":[{"embeddable":true,"href":"https:\/\/medlinecapitalquote.ca\/fr\/wp-json\/wp\/v2\/media\/1911"}],"wp:attachment":[{"href":"https:\/\/medlinecapitalquote.ca\/fr\/wp-json\/wp\/v2\/media?parent=1913"}],"wp:term":[{"taxonomy":"product_cat","embeddable":true,"href":"https:\/\/medlinecapitalquote.ca\/fr\/wp-json\/wp\/v2\/product-categories?post=1913"},{"taxonomy":"product_room","embeddable":true,"href":"https:\/\/medlinecapitalquote.ca\/fr\/wp-json\/wp\/v2\/product-rooms?post=1913"},{"taxonomy":"product_variation","embeddable":true,"href":"https:\/\/medlinecapitalquote.ca\/fr\/wp-json\/wp\/v2\/product-variations?post=1913"},{"taxonomy":"client","embeddable":true,"href":"https:\/\/medlinecapitalquote.ca\/fr\/wp-json\/wp\/v2\/clients?post=1913"}],"curies":[{"name":"wp","href":"https:\/\/api.w.org\/{rel}","templated":true}]}}