{"id":1922,"date":"2025-12-29T09:28:38","date_gmt":"2025-12-29T09:28:38","guid":{"rendered":"https:\/\/medlinecapitalquote.ca\/products\/batterie-pour-pompe-pour-tvp-medline-hemo-force-ii\/"},"modified":"2026-01-02T12:47:17","modified_gmt":"2026-01-02T12:47:17","slug":"batterie-pour-pompe-pour-tvp-medline-hemo-force-ii","status":"publish","type":"product","link":"https:\/\/medlinecapitalquote.ca\/fr\/products\/batterie-pour-pompe-pour-tvp-medline-hemo-force-ii\/","title":{"rendered":"Batterie pour pompe pour TVP Medline Hemo-Force II"},"content":{"rendered":"<ul>\n<li>Pi\u00e8ces de rechange et accessoires pour les pompes pour TVP Hemo-Force ll de deuxi\u00e8me g\u00e9n\u00e9ration<\/li>\n<\/ul>\n","protected":false},"excerpt":{"rendered":"<p>Pi\u00e8ces de rechange et accessoires pour les pompes pour TVP  [&#8230;]<\/p>\n","protected":false},"author":4,"featured_media":862,"template":"","product-categories":[442],"product-rooms":[198],"product-variations":[],"clients":[],"class_list":["post-1922","product","type-product","status-publish","has-post-thumbnail","hentry","product_cat-compression-devices-dvt-fr","product_room-surgery-centre-operating-room-fr"],"acf":[],"_links":{"self":[{"href":"https:\/\/medlinecapitalquote.ca\/fr\/wp-json\/wp\/v2\/products\/1922","targetHints":{"allow":["GET"]}}],"collection":[{"href":"https:\/\/medlinecapitalquote.ca\/fr\/wp-json\/wp\/v2\/products"}],"about":[{"href":"https:\/\/medlinecapitalquote.ca\/fr\/wp-json\/wp\/v2\/types\/product"}],"author":[{"embeddable":true,"href":"https:\/\/medlinecapitalquote.ca\/fr\/wp-json\/wp\/v2\/users\/4"}],"wp:featuredmedia":[{"embeddable":true,"href":"https:\/\/medlinecapitalquote.ca\/fr\/wp-json\/wp\/v2\/media\/862"}],"wp:attachment":[{"href":"https:\/\/medlinecapitalquote.ca\/fr\/wp-json\/wp\/v2\/media?parent=1922"}],"wp:term":[{"taxonomy":"product_cat","embeddable":true,"href":"https:\/\/medlinecapitalquote.ca\/fr\/wp-json\/wp\/v2\/product-categories?post=1922"},{"taxonomy":"product_room","embeddable":true,"href":"https:\/\/medlinecapitalquote.ca\/fr\/wp-json\/wp\/v2\/product-rooms?post=1922"},{"taxonomy":"product_variation","embeddable":true,"href":"https:\/\/medlinecapitalquote.ca\/fr\/wp-json\/wp\/v2\/product-variations?post=1922"},{"taxonomy":"client","embeddable":true,"href":"https:\/\/medlinecapitalquote.ca\/fr\/wp-json\/wp\/v2\/clients?post=1922"}],"curies":[{"name":"wp","href":"https:\/\/api.w.org\/{rel}","templated":true}]}}