{"id":1923,"date":"2025-12-29T09:30:59","date_gmt":"2025-12-29T09:30:59","guid":{"rendered":"https:\/\/medlinecapitalquote.ca\/products\/pompe-pour-tvp-intermittente-medline-hemo-force-ii\/"},"modified":"2026-01-02T12:51:15","modified_gmt":"2026-01-02T12:51:15","slug":"pompe-pour-tvp-intermittente-medline-hemo-force-ii","status":"publish","type":"product","link":"https:\/\/medlinecapitalquote.ca\/fr\/products\/pompe-pour-tvp-intermittente-medline-hemo-force-ii\/","title":{"rendered":"Pompe pour TVP intermittente Medline Hemo-Force II"},"content":{"rendered":"<ul>\n<li>Se combine \u00e0 des jambi\u00e8res avec poche pour produire une compression intermittente (40 mmHg) soit 12 secondes de gonflage, 48 secondes de d\u00e9gonflage, en alternant les jambes<\/li>\n<li>Comprend une minuterie, un syst\u00e8me d&rsquo;alarme pour les d\u00e9fauts de pression, un avertisseur de batterie faible et un guide de d\u00e9pannage<\/li>\n<li>Technologie intelligente qui permet d&rsquo;utiliser plusieurs jambi\u00e8res simultan\u00e9ment tout en d\u00e9tectant automatiquement leur nombre et leur type sans intervention de l&rsquo;utilisateur<\/li>\n<li>Mod\u00e8le compact avec poign\u00e9e \u00e0 ressorts solides int\u00e9gr\u00e9e pour le transport<\/li>\n<\/ul>\n","protected":false},"excerpt":{"rendered":"<p>Se combine \u00e0 des jambi\u00e8res avec poche pour produire une  [&#8230;]<\/p>\n","protected":false},"author":4,"featured_media":859,"template":"","product-categories":[442],"product-rooms":[198],"product-variations":[1070,92],"clients":[],"class_list":["post-1923","product","type-product","status-publish","has-post-thumbnail","hentry","product_cat-compression-devices-dvt-fr","product_room-surgery-centre-operating-room-fr","product_variation-pompe","product_variation-configuration-fr"],"acf":[],"_links":{"self":[{"href":"https:\/\/medlinecapitalquote.ca\/fr\/wp-json\/wp\/v2\/products\/1923","targetHints":{"allow":["GET"]}}],"collection":[{"href":"https:\/\/medlinecapitalquote.ca\/fr\/wp-json\/wp\/v2\/products"}],"about":[{"href":"https:\/\/medlinecapitalquote.ca\/fr\/wp-json\/wp\/v2\/types\/product"}],"author":[{"embeddable":true,"href":"https:\/\/medlinecapitalquote.ca\/fr\/wp-json\/wp\/v2\/users\/4"}],"wp:featuredmedia":[{"embeddable":true,"href":"https:\/\/medlinecapitalquote.ca\/fr\/wp-json\/wp\/v2\/media\/859"}],"wp:attachment":[{"href":"https:\/\/medlinecapitalquote.ca\/fr\/wp-json\/wp\/v2\/media?parent=1923"}],"wp:term":[{"taxonomy":"product_cat","embeddable":true,"href":"https:\/\/medlinecapitalquote.ca\/fr\/wp-json\/wp\/v2\/product-categories?post=1923"},{"taxonomy":"product_room","embeddable":true,"href":"https:\/\/medlinecapitalquote.ca\/fr\/wp-json\/wp\/v2\/product-rooms?post=1923"},{"taxonomy":"product_variation","embeddable":true,"href":"https:\/\/medlinecapitalquote.ca\/fr\/wp-json\/wp\/v2\/product-variations?post=1923"},{"taxonomy":"client","embeddable":true,"href":"https:\/\/medlinecapitalquote.ca\/fr\/wp-json\/wp\/v2\/clients?post=1923"}],"curies":[{"name":"wp","href":"https:\/\/api.w.org\/{rel}","templated":true}]}}