{"id":1929,"date":"2025-12-29T09:32:45","date_gmt":"2025-12-29T09:32:45","guid":{"rendered":"https:\/\/medlinecapitalquote.ca\/products\/pompe-pour-tvp-sequentielle-medline-hemo-force-ii\/"},"modified":"2026-01-02T12:54:45","modified_gmt":"2026-01-02T12:54:45","slug":"pompe-pour-tvp-sequentielle-medline-hemo-force-ii","status":"publish","type":"product","link":"https:\/\/medlinecapitalquote.ca\/fr\/products\/pompe-pour-tvp-sequentielle-medline-hemo-force-ii\/","title":{"rendered":"Pompe pour TVP s\u00e9quentielle Medline Hemo-Force II"},"content":{"rendered":"<ul>\n<li>La jambi\u00e8re produit une compression intermittente uniforme (30, 40 ou 45 mmHg), soit 4 secondes de gonflage dans chaque poche, 48 secondes de d\u00e9gonflage, en alternant les jambes<\/li>\n<li>Doublure souple et respirante aux bords arrondis pour un confort accru du patient<\/li>\n<li>La tubulure est dirig\u00e9e \u00e0 l&rsquo;\u00e9cart de la jambe du patient et la poche de conception circonf\u00e9rentielle permet de minimiser le risque de l\u00e9sions dues \u00e0 la pression<\/li>\n<li>Codage couleur des tailles, jambi\u00e8res r\u00e9centes\/OEM et mode d&#8217;emploi par \u00e9tapes faciles<\/li>\n<li>Jambi\u00e8re pour TVP \u00e0 3 poches compatible avec les pompes pour TVP s\u00e9quentielle Hemo-Force<\/li>\n<\/ul>\n","protected":false},"excerpt":{"rendered":"<p>La jambi\u00e8re produit une compression intermittente uniforme (30, 40 ou  [&#8230;]<\/p>\n","protected":false},"author":4,"featured_media":855,"template":"","product-categories":[442],"product-rooms":[198],"product-variations":[1070,92],"clients":[],"class_list":["post-1929","product","type-product","status-publish","has-post-thumbnail","hentry","product_cat-compression-devices-dvt-fr","product_room-surgery-centre-operating-room-fr","product_variation-pompe","product_variation-configuration-fr"],"acf":[],"_links":{"self":[{"href":"https:\/\/medlinecapitalquote.ca\/fr\/wp-json\/wp\/v2\/products\/1929","targetHints":{"allow":["GET"]}}],"collection":[{"href":"https:\/\/medlinecapitalquote.ca\/fr\/wp-json\/wp\/v2\/products"}],"about":[{"href":"https:\/\/medlinecapitalquote.ca\/fr\/wp-json\/wp\/v2\/types\/product"}],"author":[{"embeddable":true,"href":"https:\/\/medlinecapitalquote.ca\/fr\/wp-json\/wp\/v2\/users\/4"}],"wp:featuredmedia":[{"embeddable":true,"href":"https:\/\/medlinecapitalquote.ca\/fr\/wp-json\/wp\/v2\/media\/855"}],"wp:attachment":[{"href":"https:\/\/medlinecapitalquote.ca\/fr\/wp-json\/wp\/v2\/media?parent=1929"}],"wp:term":[{"taxonomy":"product_cat","embeddable":true,"href":"https:\/\/medlinecapitalquote.ca\/fr\/wp-json\/wp\/v2\/product-categories?post=1929"},{"taxonomy":"product_room","embeddable":true,"href":"https:\/\/medlinecapitalquote.ca\/fr\/wp-json\/wp\/v2\/product-rooms?post=1929"},{"taxonomy":"product_variation","embeddable":true,"href":"https:\/\/medlinecapitalquote.ca\/fr\/wp-json\/wp\/v2\/product-variations?post=1929"},{"taxonomy":"client","embeddable":true,"href":"https:\/\/medlinecapitalquote.ca\/fr\/wp-json\/wp\/v2\/clients?post=1929"}],"curies":[{"name":"wp","href":"https:\/\/api.w.org\/{rel}","templated":true}]}}