{"id":1932,"date":"2025-12-29T09:34:39","date_gmt":"2025-12-29T09:34:39","guid":{"rendered":"https:\/\/medlinecapitalquote.ca\/products\/lampe-dexamen-a-del-ri-magic\/"},"modified":"2026-02-02T10:48:53","modified_gmt":"2026-02-02T10:48:53","slug":"lampe-dexamen-a-del-ri-magic","status":"publish","type":"product","link":"https:\/\/medlinecapitalquote.ca\/fr\/products\/lampe-dexamen-a-del-ri-magic\/","title":{"rendered":"Lampe d&rsquo;examen \u00e0 DEL Ri-Magic"},"content":{"rendered":"<ul>\n<li>Dur\u00e9e de vie de l&rsquo;\u00e9clairage LED : jusqu&rsquo;\u00e0 50 000 heures<\/li>\n<li>Le dispositif de mise au point situ\u00e9 \u00e0 l&rsquo;avant de la t\u00eate d&rsquo;\u00e9clairage permet de r\u00e9gler avec pr\u00e9cision la taille de la zone d&rsquo;examen \u00e9clair\u00e9e<\/li>\n<li>Tr\u00e8s flexible, le long bras sp\u00e9cial peut \u00eatre pli\u00e9 dans toutes les directions, tandis que la lumi\u00e8re reste fix\u00e9e dans la position choisie<\/li>\n<\/ul>\n","protected":false},"excerpt":{"rendered":"<p>Dur\u00e9e de vie de l&rsquo;\u00e9clairage LED : jusqu&rsquo;\u00e0 50 000  [&#8230;]<\/p>\n","protected":false},"author":4,"featured_media":2161,"template":"","product-categories":[453],"product-rooms":[74],"product-variations":[1113,648,92],"clients":[],"class_list":["post-1932","product","type-product","status-publish","has-post-thumbnail","hentry","product_cat-lights-fr","product_room-exam-room-fr","product_variation-base-mobile","product_variation-support-mural","product_variation-configuration-fr"],"acf":[],"_links":{"self":[{"href":"https:\/\/medlinecapitalquote.ca\/fr\/wp-json\/wp\/v2\/products\/1932","targetHints":{"allow":["GET"]}}],"collection":[{"href":"https:\/\/medlinecapitalquote.ca\/fr\/wp-json\/wp\/v2\/products"}],"about":[{"href":"https:\/\/medlinecapitalquote.ca\/fr\/wp-json\/wp\/v2\/types\/product"}],"author":[{"embeddable":true,"href":"https:\/\/medlinecapitalquote.ca\/fr\/wp-json\/wp\/v2\/users\/4"}],"wp:featuredmedia":[{"embeddable":true,"href":"https:\/\/medlinecapitalquote.ca\/fr\/wp-json\/wp\/v2\/media\/2161"}],"wp:attachment":[{"href":"https:\/\/medlinecapitalquote.ca\/fr\/wp-json\/wp\/v2\/media?parent=1932"}],"wp:term":[{"taxonomy":"product_cat","embeddable":true,"href":"https:\/\/medlinecapitalquote.ca\/fr\/wp-json\/wp\/v2\/product-categories?post=1932"},{"taxonomy":"product_room","embeddable":true,"href":"https:\/\/medlinecapitalquote.ca\/fr\/wp-json\/wp\/v2\/product-rooms?post=1932"},{"taxonomy":"product_variation","embeddable":true,"href":"https:\/\/medlinecapitalquote.ca\/fr\/wp-json\/wp\/v2\/product-variations?post=1932"},{"taxonomy":"client","embeddable":true,"href":"https:\/\/medlinecapitalquote.ca\/fr\/wp-json\/wp\/v2\/clients?post=1932"}],"curies":[{"name":"wp","href":"https:\/\/api.w.org\/{rel}","templated":true}]}}