{"id":1938,"date":"2025-12-29T09:41:28","date_gmt":"2025-12-29T09:41:28","guid":{"rendered":"https:\/\/medlinecapitalquote.ca\/products\/contenant-a-objets-tranchants-a-chute-horizontale-medline\/"},"modified":"2026-01-02T13:03:35","modified_gmt":"2026-01-02T13:03:35","slug":"contenant-a-objets-tranchants-a-chute-horizontale-medline","status":"publish","type":"product","link":"https:\/\/medlinecapitalquote.ca\/fr\/products\/contenant-a-objets-tranchants-a-chute-horizontale-medline\/","title":{"rendered":"Contenant \u00e0 objets tranchants \u00e0 chute horizontale Medline"},"content":{"rendered":"<ul>\n<li>\u00c0 usage unique<\/li>\n<li>Couvercle \u00e9quilibr\u00e9 facilitant l&rsquo;\u00e9limination en toute s\u00e9curit\u00e9<\/li>\n<li>Conception du couvercle facilitant l&rsquo;utilisation d&rsquo;une seule main<\/li>\n<li>Conception de la chute horizontale pour une capacit\u00e9 maximale jusqu&rsquo;\u00e0 la ligne de remplissage<\/li>\n<li>Niveaux de remplissage faciles \u00e0 voir<\/li>\n<li>Id\u00e9al pour une utilisation dans les chambres des patients, sur les chariots de m\u00e9dicaments ou dans les zones \u00e0 fort trafic<\/li>\n<\/ul>\n","protected":false},"excerpt":{"rendered":"<p>\u00c0 usage unique Couvercle \u00e9quilibr\u00e9 facilitant l&rsquo;\u00e9limination en toute s\u00e9curit\u00e9  [&#8230;]<\/p>\n","protected":false},"author":4,"featured_media":852,"template":"","product-categories":[465],"product-rooms":[198,74],"product-variations":[1077,94],"clients":[],"class_list":["post-1938","product","type-product","status-publish","has-post-thumbnail","hentry","product_cat-sharps-containers-fr","product_room-surgery-centre-operating-room-fr","product_room-exam-room-fr","product_variation-5-ptes","product_variation-volume-fr"],"acf":[],"_links":{"self":[{"href":"https:\/\/medlinecapitalquote.ca\/fr\/wp-json\/wp\/v2\/products\/1938","targetHints":{"allow":["GET"]}}],"collection":[{"href":"https:\/\/medlinecapitalquote.ca\/fr\/wp-json\/wp\/v2\/products"}],"about":[{"href":"https:\/\/medlinecapitalquote.ca\/fr\/wp-json\/wp\/v2\/types\/product"}],"author":[{"embeddable":true,"href":"https:\/\/medlinecapitalquote.ca\/fr\/wp-json\/wp\/v2\/users\/4"}],"wp:featuredmedia":[{"embeddable":true,"href":"https:\/\/medlinecapitalquote.ca\/fr\/wp-json\/wp\/v2\/media\/852"}],"wp:attachment":[{"href":"https:\/\/medlinecapitalquote.ca\/fr\/wp-json\/wp\/v2\/media?parent=1938"}],"wp:term":[{"taxonomy":"product_cat","embeddable":true,"href":"https:\/\/medlinecapitalquote.ca\/fr\/wp-json\/wp\/v2\/product-categories?post=1938"},{"taxonomy":"product_room","embeddable":true,"href":"https:\/\/medlinecapitalquote.ca\/fr\/wp-json\/wp\/v2\/product-rooms?post=1938"},{"taxonomy":"product_variation","embeddable":true,"href":"https:\/\/medlinecapitalquote.ca\/fr\/wp-json\/wp\/v2\/product-variations?post=1938"},{"taxonomy":"client","embeddable":true,"href":"https:\/\/medlinecapitalquote.ca\/fr\/wp-json\/wp\/v2\/clients?post=1938"}],"curies":[{"name":"wp","href":"https:\/\/api.w.org\/{rel}","templated":true}]}}