{"id":1962,"date":"2025-12-29T09:45:23","date_gmt":"2025-12-29T09:45:23","guid":{"rendered":"https:\/\/medlinecapitalquote.ca\/products\/cabinet-mural-pour-contenant-a-objets-tranchants-de-475-l-medline\/"},"modified":"2026-01-02T13:12:26","modified_gmt":"2026-01-02T13:12:26","slug":"cabinet-mural-pour-contenant-a-objets-tranchants-de-475-l-medline","status":"publish","type":"product","link":"https:\/\/medlinecapitalquote.ca\/fr\/products\/cabinet-mural-pour-contenant-a-objets-tranchants-de-475-l-medline\/","title":{"rendered":"Cabinet mural pour contenant \u00e0 objets tranchants de 4,75 L Medline"},"content":{"rendered":"<ul>\n<li>Supports muraux et armoires permettant de lib\u00e9rer de l&rsquo;espace sur le comptoir<\/li>\n<li>Chariots roulants offrant un transport pratique<\/li>\n<li>Supports de bo\u00eetes \u00e0 gants permettant d&rsquo;acc\u00e9der aux gants au point d&rsquo;utilisation<\/li>\n<li>Mat\u00e9riel de montage NON inclus<\/li>\n<li>Con\u00e7u pour \u00eatre utilis\u00e9 avec les contenants \u00e0 objets tranchants Medline<\/li>\n<\/ul>\n","protected":false},"excerpt":{"rendered":"<p>Supports muraux et armoires permettant de lib\u00e9rer de l&rsquo;espace sur  [&#8230;]<\/p>\n","protected":false},"author":4,"featured_media":849,"template":"","product-categories":[465],"product-rooms":[198,74],"product-variations":[1080,92],"clients":[],"class_list":["post-1962","product","type-product","status-publish","has-post-thumbnail","hentry","product_cat-sharps-containers-fr","product_room-surgery-centre-operating-room-fr","product_room-exam-room-fr","product_variation-enceinte-murale","product_variation-configuration-fr"],"acf":[],"_links":{"self":[{"href":"https:\/\/medlinecapitalquote.ca\/fr\/wp-json\/wp\/v2\/products\/1962","targetHints":{"allow":["GET"]}}],"collection":[{"href":"https:\/\/medlinecapitalquote.ca\/fr\/wp-json\/wp\/v2\/products"}],"about":[{"href":"https:\/\/medlinecapitalquote.ca\/fr\/wp-json\/wp\/v2\/types\/product"}],"author":[{"embeddable":true,"href":"https:\/\/medlinecapitalquote.ca\/fr\/wp-json\/wp\/v2\/users\/4"}],"wp:featuredmedia":[{"embeddable":true,"href":"https:\/\/medlinecapitalquote.ca\/fr\/wp-json\/wp\/v2\/media\/849"}],"wp:attachment":[{"href":"https:\/\/medlinecapitalquote.ca\/fr\/wp-json\/wp\/v2\/media?parent=1962"}],"wp:term":[{"taxonomy":"product_cat","embeddable":true,"href":"https:\/\/medlinecapitalquote.ca\/fr\/wp-json\/wp\/v2\/product-categories?post=1962"},{"taxonomy":"product_room","embeddable":true,"href":"https:\/\/medlinecapitalquote.ca\/fr\/wp-json\/wp\/v2\/product-rooms?post=1962"},{"taxonomy":"product_variation","embeddable":true,"href":"https:\/\/medlinecapitalquote.ca\/fr\/wp-json\/wp\/v2\/product-variations?post=1962"},{"taxonomy":"client","embeddable":true,"href":"https:\/\/medlinecapitalquote.ca\/fr\/wp-json\/wp\/v2\/clients?post=1962"}],"curies":[{"name":"wp","href":"https:\/\/api.w.org\/{rel}","templated":true}]}}