{"id":1967,"date":"2025-12-29T13:51:52","date_gmt":"2025-12-29T13:51:52","guid":{"rendered":"https:\/\/medlinecapitalquote.ca\/products\/analyseur-durine-rapid-response-u121-avec-imprimante\/"},"modified":"2026-01-02T13:13:44","modified_gmt":"2026-01-02T13:13:44","slug":"analyseur-durine-rapid-response-u121-avec-imprimante","status":"publish","type":"product","link":"https:\/\/medlinecapitalquote.ca\/fr\/products\/analyseur-durine-rapid-response-u121-avec-imprimante\/","title":{"rendered":"Analyseur d&rsquo;urine Rapid Response\u2122 U121 avec imprimante"},"content":{"rendered":"<ul>\n<li>\u00c9talonnage automatique avant le test<\/li>\n<li>120 tests par heure en mode continu<\/li>\n<li>Minimum de formation requis<\/li>\n<li>15 combinaisons de bandelettes<\/li>\n<li>Construction robuste<\/li>\n<li>Lecture de bandelettes contenant jusqu&rsquo;\u00e0 11 param\u00e8tres, comme la microalbumine, la cr\u00e9atinine et l&rsquo;acide ascorbique<\/li>\n<li>Connecteurs USB et RS232C pour le transfert de donn\u00e9es vers un ordinateur externe<\/li>\n<\/ul>\n","protected":false},"excerpt":{"rendered":"<p>\u00c9talonnage automatique avant le test 120 tests par heure en  [&#8230;]<\/p>\n","protected":false},"author":3,"featured_media":906,"template":"","product-categories":[202],"product-rooms":[74],"product-variations":[],"clients":[],"class_list":["post-1967","product","type-product","status-publish","has-post-thumbnail","hentry","product_cat-tests-fr","product_room-exam-room-fr"],"acf":[],"_links":{"self":[{"href":"https:\/\/medlinecapitalquote.ca\/fr\/wp-json\/wp\/v2\/products\/1967","targetHints":{"allow":["GET"]}}],"collection":[{"href":"https:\/\/medlinecapitalquote.ca\/fr\/wp-json\/wp\/v2\/products"}],"about":[{"href":"https:\/\/medlinecapitalquote.ca\/fr\/wp-json\/wp\/v2\/types\/product"}],"author":[{"embeddable":true,"href":"https:\/\/medlinecapitalquote.ca\/fr\/wp-json\/wp\/v2\/users\/3"}],"wp:featuredmedia":[{"embeddable":true,"href":"https:\/\/medlinecapitalquote.ca\/fr\/wp-json\/wp\/v2\/media\/906"}],"wp:attachment":[{"href":"https:\/\/medlinecapitalquote.ca\/fr\/wp-json\/wp\/v2\/media?parent=1967"}],"wp:term":[{"taxonomy":"product_cat","embeddable":true,"href":"https:\/\/medlinecapitalquote.ca\/fr\/wp-json\/wp\/v2\/product-categories?post=1967"},{"taxonomy":"product_room","embeddable":true,"href":"https:\/\/medlinecapitalquote.ca\/fr\/wp-json\/wp\/v2\/product-rooms?post=1967"},{"taxonomy":"product_variation","embeddable":true,"href":"https:\/\/medlinecapitalquote.ca\/fr\/wp-json\/wp\/v2\/product-variations?post=1967"},{"taxonomy":"client","embeddable":true,"href":"https:\/\/medlinecapitalquote.ca\/fr\/wp-json\/wp\/v2\/clients?post=1967"}],"curies":[{"name":"wp","href":"https:\/\/api.w.org\/{rel}","templated":true}]}}