{"id":1981,"date":"2025-12-25T21:55:01","date_gmt":"2025-12-25T21:55:01","guid":{"rendered":"https:\/\/medlinecapitalquote.ca\/products\/support-mural-pour-desinfectant-formule-avancee-spectrum-bouteille-de-1-l\/"},"modified":"2026-01-02T14:48:38","modified_gmt":"2026-01-02T14:48:38","slug":"support-mural-pour-desinfectant-formule-avancee-spectrum-bouteille-de-1-l","status":"publish","type":"product","link":"https:\/\/medlinecapitalquote.ca\/fr\/products\/support-mural-pour-desinfectant-formule-avancee-spectrum-bouteille-de-1-l\/","title":{"rendered":"Support mural pour d\u00e9sinfectant formule avanc\u00e9e Spectrum\u00ae, bouteille de 1 L"},"content":{"rendered":"<ul>\n<li>Facile \u00e0 installer<\/li>\n<li>Convient \u00e0 la plupart des espaces restreints pour faciliter l&rsquo;acc\u00e8s au d\u00e9sinfectant<\/li>\n<\/ul>\n","protected":false},"excerpt":{"rendered":"<p>Facile \u00e0 installer Convient \u00e0 la plupart des espaces restreints  [&#8230;]<\/p>\n","protected":false},"author":3,"featured_media":1349,"template":"","product-categories":[466],"product-rooms":[74],"product-variations":[1088,1087,92],"clients":[],"class_list":["post-1981","product","type-product","status-publish","has-post-thumbnail","hentry","product_cat-soap-and-sanitizer-dispensers-fr","product_room-exam-room-fr","product_variation-avec-serrure-a-collier-configuration-fr","product_variation-sans-serrure-a-collier-configuration-fr","product_variation-configuration-fr"],"acf":[],"_links":{"self":[{"href":"https:\/\/medlinecapitalquote.ca\/fr\/wp-json\/wp\/v2\/products\/1981","targetHints":{"allow":["GET"]}}],"collection":[{"href":"https:\/\/medlinecapitalquote.ca\/fr\/wp-json\/wp\/v2\/products"}],"about":[{"href":"https:\/\/medlinecapitalquote.ca\/fr\/wp-json\/wp\/v2\/types\/product"}],"author":[{"embeddable":true,"href":"https:\/\/medlinecapitalquote.ca\/fr\/wp-json\/wp\/v2\/users\/3"}],"wp:featuredmedia":[{"embeddable":true,"href":"https:\/\/medlinecapitalquote.ca\/fr\/wp-json\/wp\/v2\/media\/1349"}],"wp:attachment":[{"href":"https:\/\/medlinecapitalquote.ca\/fr\/wp-json\/wp\/v2\/media?parent=1981"}],"wp:term":[{"taxonomy":"product_cat","embeddable":true,"href":"https:\/\/medlinecapitalquote.ca\/fr\/wp-json\/wp\/v2\/product-categories?post=1981"},{"taxonomy":"product_room","embeddable":true,"href":"https:\/\/medlinecapitalquote.ca\/fr\/wp-json\/wp\/v2\/product-rooms?post=1981"},{"taxonomy":"product_variation","embeddable":true,"href":"https:\/\/medlinecapitalquote.ca\/fr\/wp-json\/wp\/v2\/product-variations?post=1981"},{"taxonomy":"client","embeddable":true,"href":"https:\/\/medlinecapitalquote.ca\/fr\/wp-json\/wp\/v2\/clients?post=1981"}],"curies":[{"name":"wp","href":"https:\/\/api.w.org\/{rel}","templated":true}]}}