{"id":1984,"date":"2025-12-25T12:09:37","date_gmt":"2025-12-25T12:09:37","guid":{"rendered":"https:\/\/medlinecapitalquote.ca\/products\/doppler-sans-ecran-imex-elite-100-batterie-rechargeable\/"},"modified":"2026-01-09T12:43:50","modified_gmt":"2026-01-09T12:43:50","slug":"doppler-sans-ecran-imex-elite-100-batterie-rechargeable","status":"publish","type":"product","link":"https:\/\/medlinecapitalquote.ca\/fr\/products\/doppler-sans-ecran-imex-elite-100-batterie-rechargeable\/","title":{"rendered":"Doppler sans \u00e9cran Imex\u00ae Elite 100, batterie rechargeable"},"content":{"rendered":"<ul>\n<li>Compact et facile \u00e0 tenir d&rsquo;une seule main<\/li>\n<li>Haut-parleur int\u00e9gr\u00e9<\/li>\n<li>Audio seulement<\/li>\n<li>Batterie de 9 V rechargeable avec chargeur<\/li>\n<li>Utilise 5 MHz ou 8 MHz <\/li>\n<\/ul>\n","protected":false},"excerpt":{"rendered":"<p>Compact et facile \u00e0 tenir d&rsquo;une seule main Haut-parleur int\u00e9gr\u00e9  [&#8230;]<\/p>\n","protected":false},"author":3,"featured_media":2161,"template":"","product-categories":[72],"product-rooms":[74],"product-variations":[1086,92],"clients":[],"class_list":["post-1984","product","type-product","status-publish","has-post-thumbnail","hentry","product_cat-ultrasound-and-dopplers-fr","product_room-exam-room-fr","product_variation-doppler-sans-ecran-imex-elite-100-batterie-rechargeable-fr","product_variation-configuration-fr"],"acf":[],"_links":{"self":[{"href":"https:\/\/medlinecapitalquote.ca\/fr\/wp-json\/wp\/v2\/products\/1984","targetHints":{"allow":["GET"]}}],"collection":[{"href":"https:\/\/medlinecapitalquote.ca\/fr\/wp-json\/wp\/v2\/products"}],"about":[{"href":"https:\/\/medlinecapitalquote.ca\/fr\/wp-json\/wp\/v2\/types\/product"}],"author":[{"embeddable":true,"href":"https:\/\/medlinecapitalquote.ca\/fr\/wp-json\/wp\/v2\/users\/3"}],"wp:featuredmedia":[{"embeddable":true,"href":"https:\/\/medlinecapitalquote.ca\/fr\/wp-json\/wp\/v2\/media\/2161"}],"wp:attachment":[{"href":"https:\/\/medlinecapitalquote.ca\/fr\/wp-json\/wp\/v2\/media?parent=1984"}],"wp:term":[{"taxonomy":"product_cat","embeddable":true,"href":"https:\/\/medlinecapitalquote.ca\/fr\/wp-json\/wp\/v2\/product-categories?post=1984"},{"taxonomy":"product_room","embeddable":true,"href":"https:\/\/medlinecapitalquote.ca\/fr\/wp-json\/wp\/v2\/product-rooms?post=1984"},{"taxonomy":"product_variation","embeddable":true,"href":"https:\/\/medlinecapitalquote.ca\/fr\/wp-json\/wp\/v2\/product-variations?post=1984"},{"taxonomy":"client","embeddable":true,"href":"https:\/\/medlinecapitalquote.ca\/fr\/wp-json\/wp\/v2\/clients?post=1984"}],"curies":[{"name":"wp","href":"https:\/\/api.w.org\/{rel}","templated":true}]}}